{"id":8792,"date":"2019-09-27T18:17:08","date_gmt":"2019-09-27T16:17:08","guid":{"rendered":"https:\/\/www.azur-compta.com\/?page_id=8792"},"modified":"2020-02-16T22:31:45","modified_gmt":"2020-02-16T21:31:45","slug":"contactez-nous-azur-compta-cabinet-dexpertise-comptable","status":"publish","type":"page","link":"https:\/\/www.azur-compta.com\/index.php\/contactez-nous-azur-compta-cabinet-dexpertise-comptable\/","title":{"rendered":"Contactez-nous"},"content":{"rendered":"<p>[vc_row gap=\u00a0\u00bb4&Prime; full_height=\u00a0\u00bbyes\u00a0\u00bb equal_height=\u00a0\u00bbyes\u00a0\u00bb content_placement=\u00a0\u00bbmiddle\u00a0\u00bb css=\u00a0\u00bb.vc_custom_1573172901485{margin-top: 15px !important;}\u00a0\u00bb][vc_column width=\u00a0\u00bb1\/2&Prime;][vc_custom_heading text=\u00a0\u00bbUNE COLLABORATION AVEC NOTRE CABINET VOUS INT\u00c9RESSE ?<\/p>\n<p>N&rsquo;h\u00e9sitez pas \u00e0 nous contacter via le formulaire.\u00a0\u00bb font_container=\u00a0\u00bbtag:h2|font_size:20px|text_align:center\u00a0\u00bb google_fonts=\u00a0\u00bbfont_family:Fredoka%20One%3Aregular|font_style:400%20regular%3A400%3Anormal\u00a0\u00bb][vc_column_text]<\/p>\n<p>La premi\u00e8re consultation est une consultation <strong>sans frais<\/strong> pour vous et ne vous engage pas. <em><strong>Vous restez libre de faire votre choix<\/strong><\/em>.[\/vc_column_text][vc_column_text]Vous vous posez encore des questions, n&rsquo;h\u00e9sitez pas \u00e0 nous appeler directement.<\/p>\n<p>&nbsp;<\/p>\n<p><span style=\"color: #20208c;\"><strong>N\u00b0 04 91 85 32 49<\/strong><\/span>[\/vc_column_text][\/vc_column][vc_column width=\u00a0\u00bb1\/2&Prime;]\r<!-- rt-cf7 -->\r<div class=\"radiant-contact-form rtbd3a00102200ca5 element-one \"  >\n<div class=\"wpcf7 no-js\" id=\"wpcf7-f8804-o1\" lang=\"fr-FR\" dir=\"ltr\">\n<div class=\"screen-reader-response\"><p role=\"status\" aria-live=\"polite\" aria-atomic=\"true\"><\/p> <ul><\/ul><\/div>\n<form action=\"\/index.php\/wp-json\/wp\/v2\/pages\/8792#wpcf7-f8804-o1\" method=\"post\" class=\"wpcf7-form init\" aria-label=\"Formulaire de contact\" novalidate=\"novalidate\" data-status=\"init\">\n<div style=\"display: none;\">\n<input type=\"hidden\" name=\"_wpcf7\" value=\"8804\" \/>\n<input type=\"hidden\" name=\"_wpcf7_version\" value=\"5.7.7\" \/>\n<input type=\"hidden\" name=\"_wpcf7_locale\" value=\"fr_FR\" \/>\n<input type=\"hidden\" name=\"_wpcf7_unit_tag\" value=\"wpcf7-f8804-o1\" \/>\n<input type=\"hidden\" name=\"_wpcf7_container_post\" value=\"0\" \/>\n<input type=\"hidden\" name=\"_wpcf7_posted_data_hash\" value=\"\" \/>\n<input type=\"hidden\" name=\"_wpcf7_recaptcha_response\" value=\"\" \/>\n<\/div>\n<p><label> Votre nom (obligatoire)<br \/>\n<span class=\"wpcf7-form-control-wrap\" data-name=\"your-name\"><input size=\"40\" class=\"wpcf7-form-control wpcf7-text wpcf7-validates-as-required\" aria-required=\"true\" aria-invalid=\"false\" value=\"\" type=\"text\" name=\"your-name\" \/><\/span> <\/label>\n<\/p>\n<p><label> Votre adresse de messagerie (obligatoire)<br \/>\n<span class=\"wpcf7-form-control-wrap\" data-name=\"your-email\"><input size=\"40\" class=\"wpcf7-form-control wpcf7-text wpcf7-email wpcf7-validates-as-required wpcf7-validates-as-email\" aria-required=\"true\" aria-invalid=\"false\" value=\"\" type=\"email\" name=\"your-email\" \/><\/span> <\/label>\n<\/p>\n<p><label> Objet<br \/>\n<span class=\"wpcf7-form-control-wrap\" data-name=\"your-subject\"><input size=\"40\" class=\"wpcf7-form-control wpcf7-text\" aria-invalid=\"false\" value=\"\" type=\"text\" name=\"your-subject\" \/><\/span> <\/label>\n<\/p>\n<p><label> Votre message<br \/>\n<span class=\"wpcf7-form-control-wrap\" data-name=\"your-message\"><textarea cols=\"40\" rows=\"10\" class=\"wpcf7-form-control wpcf7-textarea\" aria-invalid=\"false\" name=\"your-message\"><\/textarea><\/span> <\/label>\n<\/p>\n<p><input class=\"wpcf7-form-control has-spinner wpcf7-submit\" type=\"submit\" value=\"Envoyer\" \/>\n<\/p><p style=\"display: none !important;\" class=\"akismet-fields-container\" data-prefix=\"_wpcf7_ak_\"><label>&#916;<textarea name=\"_wpcf7_ak_hp_textarea\" cols=\"45\" rows=\"8\" maxlength=\"100\"><\/textarea><\/label><input type=\"hidden\" id=\"ak_js_1\" name=\"_wpcf7_ak_js\" value=\"199\"\/><script type=\"text\/javascript\">\n\/* <![CDATA[ *\/\ndocument.getElementById( \"ak_js_1\" ).setAttribute( \"value\", ( new Date() ).getTime() );\n\/* ]]> *\/\n<\/script>\n<\/p><div class=\"wpcf7-response-output\" aria-hidden=\"true\"><\/div>\n<\/form>\n<\/div>\n<\/div>\r<!-- rt-cf7 -->\r[\/vc_column][\/vc_row]<\/p>\n","protected":false},"excerpt":{"rendered":"<p>[vc_row gap=\u00a0\u00bb4&Prime; full_height=\u00a0\u00bbyes\u00a0\u00bb equal_height=\u00a0\u00bbyes\u00a0\u00bb content_placement=\u00a0\u00bbmiddle\u00a0\u00bb css=\u00a0\u00bb.vc_custom_1573172901485{margin-top: 15px !important;}\u00a0\u00bb][vc_column width=\u00a0\u00bb1\/2&Prime;][vc_custom_heading text=\u00a0\u00bbUNE COLLABORATION AVEC NOTRE CABINET VOUS INT\u00c9RESSE ? N&rsquo;h\u00e9sitez pas \u00e0 nous contacter via le formulaire.\u00a0\u00bb font_container=\u00a0\u00bbtag:h2|font_size:20px|text_align:center\u00a0\u00bb google_fonts=\u00a0\u00bbfont_family:Fredoka%20One%3Aregular|font_style:400%20regular%3A400%3Anormal\u00a0\u00bb][vc_column_text] La premi\u00e8re consultation est une consultation sans frais pour vous et ne vous engage pas. Vous restez libre de faire votre choix.[\/vc_column_text][vc_column_text]Vous vous posez encore des questions, n&rsquo;h\u00e9sitez [&hellip;]<\/p>\n","protected":false},"author":1,"featured_media":0,"parent":0,"menu_order":0,"comment_status":"closed","ping_status":"closed","template":"","meta":{"_monsterinsights_skip_tracking":false,"_monsterinsights_sitenote_active":false,"_monsterinsights_sitenote_note":"","_monsterinsights_sitenote_category":0,"footnotes":""},"yoast_head":"<!-- This site is optimized with the Yoast SEO plugin v24.5 - https:\/\/yoast.com\/wordpress\/plugins\/seo\/ -->\n<title>Contactez-nous - Azur Compta Cabinet d&#039;expertise comptable Marseille<\/title>\n<meta name=\"description\" content=\"Contactez notre cabinet d&#039;expertise-comptable sur Marseille qui saura vous accompagner votre structure au cours du cycle de son cycle de vie.\" \/>\n<meta name=\"robots\" content=\"index, follow, max-snippet:-1, max-image-preview:large, max-video-preview:-1\" \/>\n<link rel=\"canonical\" href=\"https:\/\/www.azur-compta.com\/index.php\/contactez-nous-azur-compta-cabinet-dexpertise-comptable\/\" \/>\n<meta property=\"og:locale\" content=\"fr_FR\" \/>\n<meta property=\"og:type\" content=\"article\" \/>\n<meta property=\"og:title\" content=\"Contactez-nous - Azur Compta Cabinet d&#039;expertise comptable Marseille\" \/>\n<meta property=\"og:description\" content=\"Contactez notre cabinet d&#039;expertise-comptable sur Marseille qui saura vous accompagner votre structure au cours du cycle de son cycle de vie.\" \/>\n<meta property=\"og:url\" content=\"https:\/\/www.azur-compta.com\/index.php\/contactez-nous-azur-compta-cabinet-dexpertise-comptable\/\" \/>\n<meta property=\"og:site_name\" content=\"Azur Compta\" \/>\n<meta property=\"article:modified_time\" content=\"2020-02-16T21:31:45+00:00\" \/>\n<meta name=\"twitter:card\" content=\"summary_large_image\" \/>\n<meta name=\"twitter:label1\" content=\"Dur\u00e9e de lecture estim\u00e9e\" \/>\n\t<meta name=\"twitter:data1\" content=\"1 minute\" \/>\n<script type=\"application\/ld+json\" class=\"yoast-schema-graph\">{\"@context\":\"https:\/\/schema.org\",\"@graph\":[{\"@type\":\"WebPage\",\"@id\":\"https:\/\/www.azur-compta.com\/index.php\/contactez-nous-azur-compta-cabinet-dexpertise-comptable\/\",\"url\":\"https:\/\/www.azur-compta.com\/index.php\/contactez-nous-azur-compta-cabinet-dexpertise-comptable\/\",\"name\":\"Contactez-nous - Azur Compta Cabinet d'expertise comptable Marseille\",\"isPartOf\":{\"@id\":\"https:\/\/www.azur-compta.com\/#website\"},\"datePublished\":\"2019-09-27T16:17:08+00:00\",\"dateModified\":\"2020-02-16T21:31:45+00:00\",\"description\":\"Contactez notre cabinet d'expertise-comptable sur Marseille qui saura vous accompagner votre structure au cours du cycle de son cycle de vie.\",\"breadcrumb\":{\"@id\":\"https:\/\/www.azur-compta.com\/index.php\/contactez-nous-azur-compta-cabinet-dexpertise-comptable\/#breadcrumb\"},\"inLanguage\":\"fr-FR\",\"potentialAction\":[{\"@type\":\"ReadAction\",\"target\":[\"https:\/\/www.azur-compta.com\/index.php\/contactez-nous-azur-compta-cabinet-dexpertise-comptable\/\"]}]},{\"@type\":\"BreadcrumbList\",\"@id\":\"https:\/\/www.azur-compta.com\/index.php\/contactez-nous-azur-compta-cabinet-dexpertise-comptable\/#breadcrumb\",\"itemListElement\":[{\"@type\":\"ListItem\",\"position\":1,\"name\":\"Accueil\",\"item\":\"https:\/\/www.azur-compta.com\/\"},{\"@type\":\"ListItem\",\"position\":2,\"name\":\"Contactez-nous\"}]},{\"@type\":\"WebSite\",\"@id\":\"https:\/\/www.azur-compta.com\/#website\",\"url\":\"https:\/\/www.azur-compta.com\/\",\"name\":\"Azur Compta\",\"description\":\"Cabinet d&#039;Expertise Comptable\",\"publisher\":{\"@id\":\"https:\/\/www.azur-compta.com\/#organization\"},\"potentialAction\":[{\"@type\":\"SearchAction\",\"target\":{\"@type\":\"EntryPoint\",\"urlTemplate\":\"https:\/\/www.azur-compta.com\/?s={search_term_string}\"},\"query-input\":{\"@type\":\"PropertyValueSpecification\",\"valueRequired\":true,\"valueName\":\"search_term_string\"}}],\"inLanguage\":\"fr-FR\"},{\"@type\":\"Organization\",\"@id\":\"https:\/\/www.azur-compta.com\/#organization\",\"name\":\"AZUR COMPTA\",\"url\":\"https:\/\/www.azur-compta.com\/\",\"logo\":{\"@type\":\"ImageObject\",\"inLanguage\":\"fr-FR\",\"@id\":\"https:\/\/www.azur-compta.com\/#\/schema\/logo\/image\/\",\"url\":\"https:\/\/www.azur-compta.com\/wp-content\/uploads\/2019\/07\/AzurCompa_logo_C-B-e1581853186251.jpg\",\"contentUrl\":\"https:\/\/www.azur-compta.com\/wp-content\/uploads\/2019\/07\/AzurCompa_logo_C-B-e1581853186251.jpg\",\"width\":320,\"height\":160,\"caption\":\"AZUR COMPTA\"},\"image\":{\"@id\":\"https:\/\/www.azur-compta.com\/#\/schema\/logo\/image\/\"}}]}<\/script>\n<!-- \/ Yoast SEO plugin. -->","yoast_head_json":{"title":"Contactez-nous - Azur Compta Cabinet d'expertise comptable Marseille","description":"Contactez notre cabinet d'expertise-comptable sur Marseille qui saura vous accompagner votre structure au cours du cycle de son cycle de vie.","robots":{"index":"index","follow":"follow","max-snippet":"max-snippet:-1","max-image-preview":"max-image-preview:large","max-video-preview":"max-video-preview:-1"},"canonical":"https:\/\/www.azur-compta.com\/index.php\/contactez-nous-azur-compta-cabinet-dexpertise-comptable\/","og_locale":"fr_FR","og_type":"article","og_title":"Contactez-nous - Azur Compta Cabinet d'expertise comptable Marseille","og_description":"Contactez notre cabinet d'expertise-comptable sur Marseille qui saura vous accompagner votre structure au cours du cycle de son cycle de vie.","og_url":"https:\/\/www.azur-compta.com\/index.php\/contactez-nous-azur-compta-cabinet-dexpertise-comptable\/","og_site_name":"Azur Compta","article_modified_time":"2020-02-16T21:31:45+00:00","twitter_card":"summary_large_image","twitter_misc":{"Dur\u00e9e de lecture estim\u00e9e":"1 minute"},"schema":{"@context":"https:\/\/schema.org","@graph":[{"@type":"WebPage","@id":"https:\/\/www.azur-compta.com\/index.php\/contactez-nous-azur-compta-cabinet-dexpertise-comptable\/","url":"https:\/\/www.azur-compta.com\/index.php\/contactez-nous-azur-compta-cabinet-dexpertise-comptable\/","name":"Contactez-nous - Azur Compta Cabinet d'expertise comptable Marseille","isPartOf":{"@id":"https:\/\/www.azur-compta.com\/#website"},"datePublished":"2019-09-27T16:17:08+00:00","dateModified":"2020-02-16T21:31:45+00:00","description":"Contactez notre cabinet d'expertise-comptable sur Marseille qui saura vous accompagner votre structure au cours du cycle de son cycle de vie.","breadcrumb":{"@id":"https:\/\/www.azur-compta.com\/index.php\/contactez-nous-azur-compta-cabinet-dexpertise-comptable\/#breadcrumb"},"inLanguage":"fr-FR","potentialAction":[{"@type":"ReadAction","target":["https:\/\/www.azur-compta.com\/index.php\/contactez-nous-azur-compta-cabinet-dexpertise-comptable\/"]}]},{"@type":"BreadcrumbList","@id":"https:\/\/www.azur-compta.com\/index.php\/contactez-nous-azur-compta-cabinet-dexpertise-comptable\/#breadcrumb","itemListElement":[{"@type":"ListItem","position":1,"name":"Accueil","item":"https:\/\/www.azur-compta.com\/"},{"@type":"ListItem","position":2,"name":"Contactez-nous"}]},{"@type":"WebSite","@id":"https:\/\/www.azur-compta.com\/#website","url":"https:\/\/www.azur-compta.com\/","name":"Azur Compta","description":"Cabinet d&#039;Expertise Comptable","publisher":{"@id":"https:\/\/www.azur-compta.com\/#organization"},"potentialAction":[{"@type":"SearchAction","target":{"@type":"EntryPoint","urlTemplate":"https:\/\/www.azur-compta.com\/?s={search_term_string}"},"query-input":{"@type":"PropertyValueSpecification","valueRequired":true,"valueName":"search_term_string"}}],"inLanguage":"fr-FR"},{"@type":"Organization","@id":"https:\/\/www.azur-compta.com\/#organization","name":"AZUR COMPTA","url":"https:\/\/www.azur-compta.com\/","logo":{"@type":"ImageObject","inLanguage":"fr-FR","@id":"https:\/\/www.azur-compta.com\/#\/schema\/logo\/image\/","url":"https:\/\/www.azur-compta.com\/wp-content\/uploads\/2019\/07\/AzurCompa_logo_C-B-e1581853186251.jpg","contentUrl":"https:\/\/www.azur-compta.com\/wp-content\/uploads\/2019\/07\/AzurCompa_logo_C-B-e1581853186251.jpg","width":320,"height":160,"caption":"AZUR COMPTA"},"image":{"@id":"https:\/\/www.azur-compta.com\/#\/schema\/logo\/image\/"}}]}},"_links":{"self":[{"href":"https:\/\/www.azur-compta.com\/index.php\/wp-json\/wp\/v2\/pages\/8792"}],"collection":[{"href":"https:\/\/www.azur-compta.com\/index.php\/wp-json\/wp\/v2\/pages"}],"about":[{"href":"https:\/\/www.azur-compta.com\/index.php\/wp-json\/wp\/v2\/types\/page"}],"author":[{"embeddable":true,"href":"https:\/\/www.azur-compta.com\/index.php\/wp-json\/wp\/v2\/users\/1"}],"replies":[{"embeddable":true,"href":"https:\/\/www.azur-compta.com\/index.php\/wp-json\/wp\/v2\/comments?post=8792"}],"version-history":[{"count":7,"href":"https:\/\/www.azur-compta.com\/index.php\/wp-json\/wp\/v2\/pages\/8792\/revisions"}],"predecessor-version":[{"id":8932,"href":"https:\/\/www.azur-compta.com\/index.php\/wp-json\/wp\/v2\/pages\/8792\/revisions\/8932"}],"wp:attachment":[{"href":"https:\/\/www.azur-compta.com\/index.php\/wp-json\/wp\/v2\/media?parent=8792"}],"curies":[{"name":"wp","href":"https:\/\/api.w.org\/{rel}","templated":true}]}}