{"id":6282,"date":"2018-02-21T05:26:24","date_gmt":"2018-02-21T05:26:24","guid":{"rendered":"https:\/\/www.azur-compta.com\/?page_id=6282"},"modified":"2020-02-16T22:24:35","modified_gmt":"2020-02-16T21:24:35","slug":"comptabilite-gestion-marseille-13012","status":"publish","type":"page","link":"https:\/\/www.azur-compta.com\/index.php\/comptabilite-gestion-marseille-13012\/","title":{"rendered":"Comptabilit\u00e9 &#038; Gestion"},"content":{"rendered":"<p>[vc_row][vc_column css=\u00a0\u00bb.vc_custom_1571569686517{margin-top: 15px !important;}\u00a0\u00bb][vc_custom_heading text=\u00a0\u00bbCOMPTABILIT\u00c9\u00a0\u00bb font_container=\u00a0\u00bbtag:h2|font_size:30px|text_align:left|color:%23001a57|line_height:40px\u00a0\u00bb use_theme_fonts=\u00a0\u00bbyes\u00a0\u00bb css_animation=\u00a0\u00bbnone\u00a0\u00bb css=\u00a0\u00bb.vc_custom_1572983544482{margin-top: 20px !important;margin-bottom: 15px !important;}\u00a0\u00bb][vc_column_text css=\u00a0\u00bb.vc_custom_1571347768087{margin-top: 0px !important;margin-bottom: 15px !important;}\u00a0\u00bb]La tenue ou la r\u00e9vision de la comptabilit\u00e9 de nos clients est notre premi\u00e8re mission en tant que cabinet d&rsquo;expertise comptable. AZUR COMPTA r\u00e9alise cette mission<strong> depuis plus de 30 ans dans une multitude de secteurs d&rsquo;activit\u00e9s <\/strong>( Restauration, BTP, M\u00e9dical, \u00c9picerie, Etc&#8230;) notamment via\u00a0 l&rsquo;accomplissement de :[\/vc_column_text]\r<!-- list -->\r<div class=\"rt-list rt1c333033-bbb3-10 element-four   \" id=\"list page \"><p><\/p>\n<ul>\n<li>La tenue de la comptabilit\u00e9,<\/li>\n<li>La r\u00e9vision de vos comptes,<\/li>\n<li>L&rsquo;\u00e9tablissement du bilan comptable&#8230;<\/li>\n<\/ul>\n<p><\/p><\/div>\r<!-- list -->\r[vc_text_separator title=\u00a0\u00bb\u00a0\u00bb color=\u00a0\u00bbcustom\u00a0\u00bb style=\u00a0\u00bbdouble\u00a0\u00bb el_width=\u00a0\u00bb40&Prime; css=\u00a0\u00bb.vc_custom_1571570150159{margin-top: 20px !important;}\u00a0\u00bb accent_color=\u00a0\u00bb#000000&Prime;][vc_custom_heading text=\u00a0\u00bbGESTION\u00a0\u00bb font_container=\u00a0\u00bbtag:h2|font_size:30px|text_align:left|line_height:40px\u00a0\u00bb use_theme_fonts=\u00a0\u00bbyes\u00a0\u00bb css=\u00a0\u00bb.vc_custom_1571570351248{margin-bottom: 15px !important;border-bottom-width: 15px !important;}\u00a0\u00bb][vc_column_text]Notre mission nous permet de vous accompagner et de vous conseiller pour vous permettre d&rsquo;\u00e9voluer sur le long terme et sur le court terme notamment en proposant :[\/vc_column_text]\r<!-- list -->\r<div class=\"rt-list rt74af96b5-6b1a-6 element-four    vc_custom_1571074166363\" ><p><\/p>\n<ul>\n<li>L&rsquo;\u00e9tablissement de tableau de bord avec des indicateurs adapt\u00e9s qui vous aideront dans la gestion de votre activit\u00e9<\/li>\n<li>L&rsquo;\u00e9tablissement de pr\u00e9visionnel d&rsquo;exploitation pour vous projeter dans l&rsquo;avenir de votre organisation<\/li>\n<li>Situation comptable dont le but est d&rsquo;avoir une id\u00e9e r\u00e9elle de votre situation \u00e0 une date donn\u00e9e<\/li>\n<\/ul>\n<p><\/p><\/div>\r<!-- list -->\r[\/vc_column][\/vc_row][vc_row][vc_column][vc_empty_space][\/vc_column][\/vc_row][vc_row][vc_column][vc_btn title=\u00a0\u00bbCONTACTEZ-NOUS\u00a0\u00bb style=\u00a0\u00bbcustom\u00a0\u00bb custom_background=\u00a0\u00bb#f94848&Prime; custom_text=\u00a0\u00bb#ffffff\u00a0\u00bb shape=\u00a0\u00bbround\u00a0\u00bb size=\u00a0\u00bblg\u00a0\u00bb align=\u00a0\u00bbcenter\u00a0\u00bb link=\u00a0\u00bburl:https%3A%2F%2Fwww.azur-compta.com%2Findex.php%2Fcontactez-nous%2F|title:Contactez-nous||\u00a0\u00bb css=\u00a0\u00bb.vc_custom_1572987672989{margin-right: px !important;margin-left: px !important;border-top-width: 50px !important;border-bottom-width: 50px !important;padding-right: 50px !important;padding-left: 50px !important;}\u00a0\u00bb][\/vc_column][\/vc_row]<\/p>\n","protected":false},"excerpt":{"rendered":"<p>[vc_row][vc_column css=\u00a0\u00bb.vc_custom_1571569686517{margin-top: 15px !important;}\u00a0\u00bb][vc_custom_heading text=\u00a0\u00bbCOMPTABILIT\u00c9\u00a0\u00bb font_container=\u00a0\u00bbtag:h2|font_size:30px|text_align:left|color:%23001a57|line_height:40px\u00a0\u00bb use_theme_fonts=\u00a0\u00bbyes\u00a0\u00bb css_animation=\u00a0\u00bbnone\u00a0\u00bb css=\u00a0\u00bb.vc_custom_1572983544482{margin-top: 20px !important;margin-bottom: 15px !important;}\u00a0\u00bb][vc_column_text css=\u00a0\u00bb.vc_custom_1571347768087{margin-top: 0px !important;margin-bottom: 15px !important;}\u00a0\u00bb]La tenue ou la r\u00e9vision de la comptabilit\u00e9 de nos clients est notre premi\u00e8re mission en tant que cabinet d&rsquo;expertise comptable. AZUR COMPTA r\u00e9alise cette mission depuis plus de 30 ans dans une multitude de secteurs d&rsquo;activit\u00e9s ( [&hellip;]<\/p>\n","protected":false},"author":1,"featured_media":0,"parent":0,"menu_order":0,"comment_status":"closed","ping_status":"closed","template":"","meta":{"_monsterinsights_skip_tracking":false,"_monsterinsights_sitenote_active":false,"_monsterinsights_sitenote_note":"","_monsterinsights_sitenote_category":0,"footnotes":""},"yoast_head":"<!-- This site is optimized with the Yoast SEO plugin v24.5 - https:\/\/yoast.com\/wordpress\/plugins\/seo\/ -->\n<title>Comptabilit\u00e9 &amp; Gestion - Azur Compta Marseille 12 \u00e8me arrondissement<\/title>\n<meta name=\"description\" content=\"Renseignez vous sur nos services comptable et gestion qui vous permettent d&#039;\u00eatre accompagner sur l&#039;aspect financier de votre structure.\" \/>\n<meta name=\"robots\" content=\"index, follow, max-snippet:-1, max-image-preview:large, max-video-preview:-1\" \/>\n<link rel=\"canonical\" href=\"https:\/\/www.azur-compta.com\/index.php\/comptabilite-gestion-marseille-13012\/\" \/>\n<meta property=\"og:locale\" content=\"fr_FR\" \/>\n<meta property=\"og:type\" content=\"article\" \/>\n<meta property=\"og:title\" content=\"Comptabilit\u00e9 &amp; Gestion - Azur Compta Marseille 12 \u00e8me arrondissement\" \/>\n<meta property=\"og:description\" content=\"Renseignez vous sur nos services comptable et gestion qui vous permettent d&#039;\u00eatre accompagner sur l&#039;aspect financier de votre structure.\" \/>\n<meta property=\"og:url\" content=\"https:\/\/www.azur-compta.com\/index.php\/comptabilite-gestion-marseille-13012\/\" \/>\n<meta property=\"og:site_name\" content=\"Azur Compta\" \/>\n<meta property=\"article:modified_time\" content=\"2020-02-16T21:24:35+00:00\" \/>\n<meta name=\"twitter:card\" content=\"summary_large_image\" \/>\n<meta name=\"twitter:label1\" content=\"Dur\u00e9e de lecture estim\u00e9e\" \/>\n\t<meta name=\"twitter:data1\" content=\"2 minutes\" \/>\n<script type=\"application\/ld+json\" class=\"yoast-schema-graph\">{\"@context\":\"https:\/\/schema.org\",\"@graph\":[{\"@type\":\"WebPage\",\"@id\":\"https:\/\/www.azur-compta.com\/index.php\/comptabilite-gestion-marseille-13012\/\",\"url\":\"https:\/\/www.azur-compta.com\/index.php\/comptabilite-gestion-marseille-13012\/\",\"name\":\"Comptabilit\u00e9 & Gestion - Azur Compta Marseille 12 \u00e8me arrondissement\",\"isPartOf\":{\"@id\":\"https:\/\/www.azur-compta.com\/#website\"},\"datePublished\":\"2018-02-21T05:26:24+00:00\",\"dateModified\":\"2020-02-16T21:24:35+00:00\",\"description\":\"Renseignez vous sur nos services comptable et gestion qui vous permettent d'\u00eatre accompagner sur l'aspect financier de votre structure.\",\"breadcrumb\":{\"@id\":\"https:\/\/www.azur-compta.com\/index.php\/comptabilite-gestion-marseille-13012\/#breadcrumb\"},\"inLanguage\":\"fr-FR\",\"potentialAction\":[{\"@type\":\"ReadAction\",\"target\":[\"https:\/\/www.azur-compta.com\/index.php\/comptabilite-gestion-marseille-13012\/\"]}]},{\"@type\":\"BreadcrumbList\",\"@id\":\"https:\/\/www.azur-compta.com\/index.php\/comptabilite-gestion-marseille-13012\/#breadcrumb\",\"itemListElement\":[{\"@type\":\"ListItem\",\"position\":1,\"name\":\"Accueil\",\"item\":\"https:\/\/www.azur-compta.com\/\"},{\"@type\":\"ListItem\",\"position\":2,\"name\":\"Comptabilit\u00e9 &#038; Gestion\"}]},{\"@type\":\"WebSite\",\"@id\":\"https:\/\/www.azur-compta.com\/#website\",\"url\":\"https:\/\/www.azur-compta.com\/\",\"name\":\"Azur Compta\",\"description\":\"Cabinet d&#039;Expertise Comptable\",\"publisher\":{\"@id\":\"https:\/\/www.azur-compta.com\/#organization\"},\"potentialAction\":[{\"@type\":\"SearchAction\",\"target\":{\"@type\":\"EntryPoint\",\"urlTemplate\":\"https:\/\/www.azur-compta.com\/?s={search_term_string}\"},\"query-input\":{\"@type\":\"PropertyValueSpecification\",\"valueRequired\":true,\"valueName\":\"search_term_string\"}}],\"inLanguage\":\"fr-FR\"},{\"@type\":\"Organization\",\"@id\":\"https:\/\/www.azur-compta.com\/#organization\",\"name\":\"AZUR COMPTA\",\"url\":\"https:\/\/www.azur-compta.com\/\",\"logo\":{\"@type\":\"ImageObject\",\"inLanguage\":\"fr-FR\",\"@id\":\"https:\/\/www.azur-compta.com\/#\/schema\/logo\/image\/\",\"url\":\"https:\/\/www.azur-compta.com\/wp-content\/uploads\/2019\/07\/AzurCompa_logo_C-B-e1581853186251.jpg\",\"contentUrl\":\"https:\/\/www.azur-compta.com\/wp-content\/uploads\/2019\/07\/AzurCompa_logo_C-B-e1581853186251.jpg\",\"width\":320,\"height\":160,\"caption\":\"AZUR COMPTA\"},\"image\":{\"@id\":\"https:\/\/www.azur-compta.com\/#\/schema\/logo\/image\/\"}}]}<\/script>\n<!-- \/ Yoast SEO plugin. -->","yoast_head_json":{"title":"Comptabilit\u00e9 & Gestion - Azur Compta Marseille 12 \u00e8me arrondissement","description":"Renseignez vous sur nos services comptable et gestion qui vous permettent d'\u00eatre accompagner sur l'aspect financier de votre structure.","robots":{"index":"index","follow":"follow","max-snippet":"max-snippet:-1","max-image-preview":"max-image-preview:large","max-video-preview":"max-video-preview:-1"},"canonical":"https:\/\/www.azur-compta.com\/index.php\/comptabilite-gestion-marseille-13012\/","og_locale":"fr_FR","og_type":"article","og_title":"Comptabilit\u00e9 & Gestion - Azur Compta Marseille 12 \u00e8me arrondissement","og_description":"Renseignez vous sur nos services comptable et gestion qui vous permettent d'\u00eatre accompagner sur l'aspect financier de votre structure.","og_url":"https:\/\/www.azur-compta.com\/index.php\/comptabilite-gestion-marseille-13012\/","og_site_name":"Azur Compta","article_modified_time":"2020-02-16T21:24:35+00:00","twitter_card":"summary_large_image","twitter_misc":{"Dur\u00e9e de lecture estim\u00e9e":"2 minutes"},"schema":{"@context":"https:\/\/schema.org","@graph":[{"@type":"WebPage","@id":"https:\/\/www.azur-compta.com\/index.php\/comptabilite-gestion-marseille-13012\/","url":"https:\/\/www.azur-compta.com\/index.php\/comptabilite-gestion-marseille-13012\/","name":"Comptabilit\u00e9 & Gestion - Azur Compta Marseille 12 \u00e8me arrondissement","isPartOf":{"@id":"https:\/\/www.azur-compta.com\/#website"},"datePublished":"2018-02-21T05:26:24+00:00","dateModified":"2020-02-16T21:24:35+00:00","description":"Renseignez vous sur nos services comptable et gestion qui vous permettent d'\u00eatre accompagner sur l'aspect financier de votre structure.","breadcrumb":{"@id":"https:\/\/www.azur-compta.com\/index.php\/comptabilite-gestion-marseille-13012\/#breadcrumb"},"inLanguage":"fr-FR","potentialAction":[{"@type":"ReadAction","target":["https:\/\/www.azur-compta.com\/index.php\/comptabilite-gestion-marseille-13012\/"]}]},{"@type":"BreadcrumbList","@id":"https:\/\/www.azur-compta.com\/index.php\/comptabilite-gestion-marseille-13012\/#breadcrumb","itemListElement":[{"@type":"ListItem","position":1,"name":"Accueil","item":"https:\/\/www.azur-compta.com\/"},{"@type":"ListItem","position":2,"name":"Comptabilit\u00e9 &#038; Gestion"}]},{"@type":"WebSite","@id":"https:\/\/www.azur-compta.com\/#website","url":"https:\/\/www.azur-compta.com\/","name":"Azur Compta","description":"Cabinet d&#039;Expertise Comptable","publisher":{"@id":"https:\/\/www.azur-compta.com\/#organization"},"potentialAction":[{"@type":"SearchAction","target":{"@type":"EntryPoint","urlTemplate":"https:\/\/www.azur-compta.com\/?s={search_term_string}"},"query-input":{"@type":"PropertyValueSpecification","valueRequired":true,"valueName":"search_term_string"}}],"inLanguage":"fr-FR"},{"@type":"Organization","@id":"https:\/\/www.azur-compta.com\/#organization","name":"AZUR COMPTA","url":"https:\/\/www.azur-compta.com\/","logo":{"@type":"ImageObject","inLanguage":"fr-FR","@id":"https:\/\/www.azur-compta.com\/#\/schema\/logo\/image\/","url":"https:\/\/www.azur-compta.com\/wp-content\/uploads\/2019\/07\/AzurCompa_logo_C-B-e1581853186251.jpg","contentUrl":"https:\/\/www.azur-compta.com\/wp-content\/uploads\/2019\/07\/AzurCompa_logo_C-B-e1581853186251.jpg","width":320,"height":160,"caption":"AZUR COMPTA"},"image":{"@id":"https:\/\/www.azur-compta.com\/#\/schema\/logo\/image\/"}}]}},"_links":{"self":[{"href":"https:\/\/www.azur-compta.com\/index.php\/wp-json\/wp\/v2\/pages\/6282"}],"collection":[{"href":"https:\/\/www.azur-compta.com\/index.php\/wp-json\/wp\/v2\/pages"}],"about":[{"href":"https:\/\/www.azur-compta.com\/index.php\/wp-json\/wp\/v2\/types\/page"}],"author":[{"embeddable":true,"href":"https:\/\/www.azur-compta.com\/index.php\/wp-json\/wp\/v2\/users\/1"}],"replies":[{"embeddable":true,"href":"https:\/\/www.azur-compta.com\/index.php\/wp-json\/wp\/v2\/comments?post=6282"}],"version-history":[{"count":28,"href":"https:\/\/www.azur-compta.com\/index.php\/wp-json\/wp\/v2\/pages\/6282\/revisions"}],"predecessor-version":[{"id":8931,"href":"https:\/\/www.azur-compta.com\/index.php\/wp-json\/wp\/v2\/pages\/6282\/revisions\/8931"}],"wp:attachment":[{"href":"https:\/\/www.azur-compta.com\/index.php\/wp-json\/wp\/v2\/media?parent=6282"}],"curies":[{"name":"wp","href":"https:\/\/api.w.org\/{rel}","templated":true}]}}