{"id":1577,"date":"2017-11-23T05:44:52","date_gmt":"2017-11-23T05:44:52","guid":{"rendered":"https:\/\/www.azur-compta.com\/?page_id=1577"},"modified":"2019-07-26T11:24:09","modified_gmt":"2019-07-26T09:24:09","slug":"career","status":"publish","type":"page","link":"https:\/\/www.azur-compta.com\/index.php\/career\/","title":{"rendered":"Recrutement"},"content":{"rendered":"<p>[vc_row css_animation=\u00a0\u00bbnone\u00a0\u00bb css=\u00a0\u00bb.vc_custom_1511352317763{margin-top: 0px !important;margin-bottom: 0px !important;padding-top: 75px !important;padding-bottom: 75px !important;}\u00a0\u00bb][vc_column css_animation=\u00a0\u00bbnone\u00a0\u00bb width=\u00a0\u00bb3\/4&Prime;][vc_custom_heading text=\u00a0\u00bbNous recrutons !\u00a0\u00bb font_container=\u00a0\u00bbtag:h2|font_size:32px|text_align:left|line_height:45px\u00a0\u00bb use_theme_fonts=\u00a0\u00bbyes\u00a0\u00bb css_animation=\u00a0\u00bbnone\u00a0\u00bb css=\u00a0\u00bb.vc_custom_1563231252935{margin-top: 0px !important;margin-bottom: 0px !important;}\u00a0\u00bb][vc_column_text css_animation=\u00a0\u00bbnone\u00a0\u00bb css=\u00a0\u00bb.vc_custom_1563231358883{margin-top: 20px !important;margin-bottom: 36px !important;padding-top: 0px !important;padding-bottom: 0px !important;}\u00a0\u00bb]<\/p>\n<p style=\"text-align: left;\">Si vous \u00eates int\u00e9ress\u00e9s par un poste \u00e0 pourvoir ci-dessous, n&rsquo;h\u00e9sitez pas \u00e0 nous envoyer votre CV \u00e0 <a href=\"mailto:contact@azur-compta.com\">contact@azur-compta.com<\/a>.<\/p>\n<p>[\/vc_column_text]<div class=\"rt-accordion element-one accordion-inner-text \"  ><div class=\"rt-accordion-item\"><div class=\"rt-accordion-item-title\"><div class=\"rt-accordion-item-title-icon\"><i class=\"fa fa-angle-down\"><\/i><\/div><h4 class=\"panel-title\">Collaborateur Comptable, 1 poste<\/h4><\/div><div class=\"rt-accordion-item-body\"><\/p>\n<h6>Description du poste :<\/h6>\n<p>&nbsp;<\/p>\n<p>Afin de renforcer notre \u00e9quipe, nous recherchons un collaborateur comptable, qui travaillera sous la responsabilit\u00e9 d&rsquo;un expert-comptable, qui sera en charge d&rsquo;un portefeuille constitu\u00e9 d&rsquo;entreprises de secteurs vari\u00e9s (artisans, commer\u00e7ants, TPE, professions lib\u00e9rales, &#8230;) et assurera :<\/p>\n<p>&nbsp;<\/p>\n\r<!-- list -->\r<div class=\"rt-list rt72ad836b-e69e-8 element-one   \" ><p>\n<ul>\n<li>La saisie comptable.<\/li>\n<li>L&rsquo;\u00e9tablissement des d\u00e9clarations fiscales.<\/li>\n<li>La r\u00e9alisation des bulletins de salaire.<\/li>\n<li>Le contr\u00f4le et la r\u00e9vision des comptes.<\/li>\n<li>L&rsquo;\u00e9tablissement des projets de bilans.<\/li>\n<\/ul>\n<p>&nbsp;<\/p>\n<h6>Comp\u00e9tences souhait\u00e9es :<\/h6>\n<p>&nbsp;<\/p>\n<p>&nbsp;<\/p>\n<ul>\n<li>Formation en Comptabilit\u00e9 et Gestion (type Bac +3 \u00e0 5, Licence, DCG, DSCG).<\/li>\n<li>Une premi\u00e8re exp\u00e9rience dans le domaine de la comptabilit\u00e9 (au moins un an), avec pratique d&rsquo;un logiciel type Cegid.<\/li>\n<li>Rigueur, Organisation.<\/li>\n<\/ul>\n<p><\/p><\/div>\r<!-- list -->\r<\/div><\/div><\/div>[\/vc_column][vc_column css_animation=\u00a0\u00bbnone\u00a0\u00bb width=\u00a0\u00bb1\/4&Prime;][vc_row_inner css=\u00a0\u00bb.vc_custom_1519129141917{margin-top: 30px !important;margin-right: 0px !important;margin-bottom: 30px !important;margin-left: 0px !important;border-top-width: 1px !important;border-right-width: 1px !important;border-bottom-width: 1px !important;border-left-width: 1px !important;padding-top: 26px !important;padding-right: 18px !important;padding-bottom: 15px !important;padding-left: 15px !important;background-color: #ffffff !important;border-left-color: #e6e6e6 !important;border-left-style: solid !important;border-right-color: #e6e6e6 !important;border-right-style: solid !important;border-top-color: #e6e6e6 !important;border-top-style: solid !important;border-bottom-color: #e6e6e6 !important;border-bottom-style: solid !important;}\u00a0\u00bb][vc_column_inner css=\u00a0\u00bb.vc_custom_1509618345792{padding-top: 0px !important;padding-right: 0px !important;padding-bottom: 0px !important;padding-left: 0px !important;}\u00a0\u00bb][vc_custom_heading text=\u00a0\u00bbPrise de Contact\u00a0\u00bb font_container=\u00a0\u00bbtag:h2|font_size:25|text_align:left|color:%23001a57|line_height:25px\u00a0\u00bb use_theme_fonts=\u00a0\u00bbyes\u00a0\u00bb css_animation=\u00a0\u00bbnone\u00a0\u00bb css=\u00a0\u00bb.vc_custom_1563230471890{margin-top: 0px !important;margin-bottom: 20px !important;padding-top: 0px !important;padding-bottom: 0px !important;padding-left: 14px !important;}\u00a0\u00bb]\r<!-- rt-cf7 -->\r<div class=\"radiant-contact-form rt9c44667ba070d8c element-one service-form vc_custom_1519126255771\"  >\n<div class=\"wpcf7 no-js\" id=\"wpcf7-f318-o1\" lang=\"en-US\" dir=\"ltr\">\n<div class=\"screen-reader-response\"><p role=\"status\" aria-live=\"polite\" aria-atomic=\"true\"><\/p> <ul><\/ul><\/div>\n<form action=\"\/index.php\/wp-json\/wp\/v2\/pages\/1577#wpcf7-f318-o1\" method=\"post\" class=\"wpcf7-form init\" aria-label=\"Contact form\" novalidate=\"novalidate\" data-status=\"init\">\n<div style=\"display: none;\">\n<input type=\"hidden\" name=\"_wpcf7\" value=\"318\" \/>\n<input type=\"hidden\" name=\"_wpcf7_version\" value=\"5.7.7\" \/>\n<input type=\"hidden\" name=\"_wpcf7_locale\" value=\"en_US\" \/>\n<input type=\"hidden\" name=\"_wpcf7_unit_tag\" value=\"wpcf7-f318-o1\" \/>\n<input type=\"hidden\" name=\"_wpcf7_container_post\" value=\"0\" \/>\n<input type=\"hidden\" name=\"_wpcf7_posted_data_hash\" value=\"\" \/>\n<input type=\"hidden\" name=\"_wpcf7_recaptcha_response\" value=\"\" \/>\n<\/div>\n<div class=\"row\">\n\t<div class=\"col-lg-12 col-md-12 col-sm-12 col-xs-12\">\n\t\t<div class=\"form-row\">\n\t\t\t<p><span class=\"wpcf7-form-control-wrap\" data-name=\"Name\"><input size=\"40\" class=\"wpcf7-form-control wpcf7-text wpcf7-validates-as-required\" aria-required=\"true\" aria-invalid=\"false\" placeholder=\"Nom :\" value=\"\" type=\"text\" name=\"Name\" \/><\/span>\n\t\t\t<\/p>\n\t\t<\/div>\n\t<\/div>\n\t<div class=\"col-lg-12 col-md-12 col-sm-12 col-xs-12\">\n\t\t<div class=\"form-row\">\n\t\t\t<p><span class=\"wpcf7-form-control-wrap\" data-name=\"email\"><input size=\"40\" class=\"wpcf7-form-control wpcf7-text wpcf7-email wpcf7-validates-as-required wpcf7-validates-as-email\" aria-required=\"true\" aria-invalid=\"false\" placeholder=\"Email:\" value=\"\" type=\"email\" name=\"email\" \/><\/span>\n\t\t\t<\/p>\n\t\t<\/div>\n\t<\/div>\n\t<div class=\"col-lg-12 col-md-12 col-sm-12 col-xs-12\">\n\t\t<div class=\"form-row\">\n\t\t\t<p><span class=\"wpcf7-form-control-wrap\" data-name=\"phone\"><input size=\"40\" class=\"wpcf7-form-control wpcf7-text wpcf7-tel wpcf7-validates-as-tel\" aria-invalid=\"false\" placeholder=\"Telephone :\" value=\"\" type=\"tel\" name=\"phone\" \/><\/span>\n\t\t\t<\/p>\n\t\t<\/div>\n\t<\/div>\n\t<div class=\"col-lg-12 col-md-12 col-sm-12 col-xs-12\">\n\t\t<div class=\"form-row\">\n\t\t\t<p><span class=\"wpcf7-form-control-wrap\" data-name=\"subject\"><input size=\"40\" class=\"wpcf7-form-control wpcf7-text\" aria-invalid=\"false\" placeholder=\"Objet :\" value=\"\" type=\"text\" name=\"subject\" \/><\/span>\n\t\t\t<\/p>\n\t\t<\/div>\n\t<\/div>\n\t<div class=\"col-lg-12 col-md-12 col-sm-12 col-xs-12\">\n\t\t<div class=\"form-row\">\n\t\t\t<p><span class=\"wpcf7-form-control-wrap\" data-name=\"service\"><select class=\"wpcf7-form-control wpcf7-select\" aria-invalid=\"false\" name=\"service\"><option value=\"Comptabilit\u00e9 &amp; Gestion\">Comptabilit\u00e9 &amp; Gestion<\/option><option value=\"Juridique &amp; Fiscal\">Juridique &amp; Fiscal<\/option><option value=\"Social\">Social<\/option><\/select><\/span>\n\t\t\t<\/p>\n\t\t<\/div>\n\t<\/div>\n\t<div class=\"col-lg-12 col-md-12 col-sm-12 col-xs-12\">\n\t\t<div class=\"form-row\">\n\t\t\t<p><span class=\"wpcf7-form-control-wrap\" data-name=\"message\"><textarea cols=\"40\" rows=\"10\" class=\"wpcf7-form-control wpcf7-textarea\" aria-invalid=\"false\" placeholder=\"Message:\" name=\"message\"><\/textarea><\/span>\n\t\t\t<\/p>\n\t\t<\/div>\n\t<\/div>\n\t<div class=\"col-lg-12 col-md-12 col-sm-12 col-xs-12\">\n\t\t<div class=\"form-row last button\">\n\t\t\t<p><input class=\"wpcf7-form-control has-spinner wpcf7-submit\" type=\"submit\" value=\"Envoyer le message\" \/>\n\t\t\t<\/p>\n\t\t<\/div>\n\t<\/div>\n<\/div><p style=\"display: none !important;\" class=\"akismet-fields-container\" data-prefix=\"_wpcf7_ak_\"><label>&#916;<textarea name=\"_wpcf7_ak_hp_textarea\" cols=\"45\" rows=\"8\" maxlength=\"100\"><\/textarea><\/label><input type=\"hidden\" id=\"ak_js_1\" name=\"_wpcf7_ak_js\" value=\"49\"\/><script type=\"text\/javascript\">\n\/* <![CDATA[ *\/\ndocument.getElementById( \"ak_js_1\" ).setAttribute( \"value\", ( new Date() ).getTime() );\n\/* ]]> *\/\n<\/script>\n<\/p><div class=\"wpcf7-response-output\" aria-hidden=\"true\"><\/div>\n<\/form>\n<\/div>\n<\/div>\r<!-- rt-cf7 -->\r[\/vc_column_inner][\/vc_row_inner][vc_row_inner css=\u00a0\u00bb.vc_custom_1519105729265{margin-right: 0px !important;margin-left: 0px !important;border-top-width: 1px !important;border-right-width: 1px !important;border-bottom-width: 1px !important;border-left-width: 1px !important;padding-top: 28px !important;padding-right: 28px !important;padding-bottom: 28px !important;padding-left: 26px !important;background-color: #f9f9f9 !important;border-left-color: #e6e6e6 !important;border-left-style: solid !important;border-right-color: #e6e6e6 !important;border-right-style: solid !important;border-top-color: #e6e6e6 !important;border-top-style: solid !important;border-bottom-color: #e6e6e6 !important;border-bottom-style: solid !important;}\u00a0\u00bb][vc_column_inner css=\u00a0\u00bb.vc_custom_1508407872713{padding-top: 0px !important;padding-right: 0px !important;padding-bottom: 0px !important;padding-left: 0px !important;}\u00a0\u00bb][vc_custom_heading text=\u00a0\u00bbBesoin d&rsquo;aide ?\u00a0\u00bb font_container=\u00a0\u00bbtag:h2|font_size:25px|text_align:left|color:%23001a57|line_height:23px\u00a0\u00bb use_theme_fonts=\u00a0\u00bbyes\u00a0\u00bb css=\u00a0\u00bb.vc_custom_1563231437691{padding-top: 0px !important;padding-bottom: 0px !important;}\u00a0\u00bb][vc_custom_heading text=\u00a0\u00bbN&rsquo;h\u00e9sitez pas \u00e0 nous contacter. Nous prendrons le soin de vous r\u00e9pondre dans les meilleurs d\u00e9lais.\u00a0\u00bb font_container=\u00a0\u00bbtag:p|font_size:12px|text_align:left|color:%23505050|line_height:20px\u00a0\u00bb use_theme_fonts=\u00a0\u00bbyes\u00a0\u00bb css=\u00a0\u00bb.vc_custom_1563231636289{margin-top: 15px !important;margin-bottom: 15px !important;padding-top: 0px !important;padding-bottom: 0px !important;}\u00a0\u00bb][vc_custom_heading text=\u00a0\u00bbcontact@azur-compta.com\u00a0\u00bb font_container=\u00a0\u00bbtag:p|font_size:14px|text_align:left|color:%23696969|line_height:25px\u00a0\u00bb use_theme_fonts=\u00a0\u00bbyes\u00a0\u00bb css=\u00a0\u00bb.vc_custom_1563231689511{padding-top: 0px !important;padding-bottom: 0px !important;}\u00a0\u00bb][\/vc_column_inner][\/vc_row_inner][\/vc_column][\/vc_row]<\/p>\n","protected":false},"excerpt":{"rendered":"<p>[vc_row css_animation=\u00a0\u00bbnone\u00a0\u00bb css=\u00a0\u00bb.vc_custom_1511352317763{margin-top: 0px !important;margin-bottom: 0px !important;padding-top: 75px !important;padding-bottom: 75px !important;}\u00a0\u00bb][vc_column css_animation=\u00a0\u00bbnone\u00a0\u00bb width=\u00a0\u00bb3\/4&Prime;][vc_custom_heading text=\u00a0\u00bbNous recrutons !\u00a0\u00bb font_container=\u00a0\u00bbtag:h2|font_size:32px|text_align:left|line_height:45px\u00a0\u00bb use_theme_fonts=\u00a0\u00bbyes\u00a0\u00bb css_animation=\u00a0\u00bbnone\u00a0\u00bb css=\u00a0\u00bb.vc_custom_1563231252935{margin-top: 0px !important;margin-bottom: 0px !important;}\u00a0\u00bb][vc_column_text css_animation=\u00a0\u00bbnone\u00a0\u00bb css=\u00a0\u00bb.vc_custom_1563231358883{margin-top: 20px !important;margin-bottom: 36px !important;padding-top: 0px !important;padding-bottom: 0px !important;}\u00a0\u00bb] Si vous \u00eates int\u00e9ress\u00e9s par un poste \u00e0 pourvoir ci-dessous, n&rsquo;h\u00e9sitez pas \u00e0 nous envoyer votre CV \u00e0 contact@azur-compta.com. [\/vc_column_text][\/vc_column][vc_column css_animation=\u00a0\u00bbnone\u00a0\u00bb [&hellip;]<\/p>\n","protected":false},"author":1,"featured_media":0,"parent":0,"menu_order":0,"comment_status":"closed","ping_status":"closed","template":"","meta":{"_monsterinsights_skip_tracking":false,"_monsterinsights_sitenote_active":false,"_monsterinsights_sitenote_note":"","_monsterinsights_sitenote_category":0,"footnotes":""},"yoast_head":"<!-- This site is optimized with the Yoast SEO plugin v24.5 - https:\/\/yoast.com\/wordpress\/plugins\/seo\/ -->\n<title>Recrutement - Azur Compta<\/title>\n<meta name=\"robots\" content=\"index, follow, max-snippet:-1, max-image-preview:large, max-video-preview:-1\" \/>\n<link rel=\"canonical\" href=\"https:\/\/www.azur-compta.com\/index.php\/career\/\" \/>\n<meta property=\"og:locale\" content=\"fr_FR\" \/>\n<meta property=\"og:type\" content=\"article\" \/>\n<meta property=\"og:title\" content=\"Recrutement - Azur Compta\" \/>\n<meta property=\"og:description\" content=\"[vc_row css_animation=\u00a0\u00bbnone\u00a0\u00bb css=\u00a0\u00bb.vc_custom_1511352317763{margin-top: 0px !important;margin-bottom: 0px !important;padding-top: 75px !important;padding-bottom: 75px !important;}\u00a0\u00bb][vc_column css_animation=\u00a0\u00bbnone\u00a0\u00bb width=\u00a0\u00bb3\/4&Prime;][vc_custom_heading text=\u00a0\u00bbNous recrutons !\u00a0\u00bb font_container=\u00a0\u00bbtag:h2|font_size:32px|text_align:left|line_height:45px\u00a0\u00bb use_theme_fonts=\u00a0\u00bbyes\u00a0\u00bb css_animation=\u00a0\u00bbnone\u00a0\u00bb css=\u00a0\u00bb.vc_custom_1563231252935{margin-top: 0px !important;margin-bottom: 0px !important;}\u00a0\u00bb][vc_column_text css_animation=\u00a0\u00bbnone\u00a0\u00bb css=\u00a0\u00bb.vc_custom_1563231358883{margin-top: 20px !important;margin-bottom: 36px !important;padding-top: 0px !important;padding-bottom: 0px !important;}\u00a0\u00bb] Si vous \u00eates int\u00e9ress\u00e9s par un poste \u00e0 pourvoir ci-dessous, n&rsquo;h\u00e9sitez pas \u00e0 nous envoyer votre CV \u00e0 contact@azur-compta.com. [\/vc_column_text][\/vc_column][vc_column css_animation=\u00a0\u00bbnone\u00a0\u00bb [&hellip;]\" \/>\n<meta property=\"og:url\" content=\"https:\/\/www.azur-compta.com\/index.php\/career\/\" \/>\n<meta property=\"og:site_name\" content=\"Azur Compta\" \/>\n<meta property=\"article:modified_time\" content=\"2019-07-26T09:24:09+00:00\" \/>\n<meta name=\"twitter:card\" content=\"summary_large_image\" \/>\n<meta name=\"twitter:label1\" content=\"Dur\u00e9e de lecture estim\u00e9e\" \/>\n\t<meta name=\"twitter:data1\" content=\"4 minutes\" \/>\n<script type=\"application\/ld+json\" class=\"yoast-schema-graph\">{\"@context\":\"https:\/\/schema.org\",\"@graph\":[{\"@type\":\"WebPage\",\"@id\":\"https:\/\/www.azur-compta.com\/index.php\/career\/\",\"url\":\"https:\/\/www.azur-compta.com\/index.php\/career\/\",\"name\":\"Recrutement - Azur Compta\",\"isPartOf\":{\"@id\":\"https:\/\/www.azur-compta.com\/#website\"},\"datePublished\":\"2017-11-23T05:44:52+00:00\",\"dateModified\":\"2019-07-26T09:24:09+00:00\",\"breadcrumb\":{\"@id\":\"https:\/\/www.azur-compta.com\/index.php\/career\/#breadcrumb\"},\"inLanguage\":\"fr-FR\",\"potentialAction\":[{\"@type\":\"ReadAction\",\"target\":[\"https:\/\/www.azur-compta.com\/index.php\/career\/\"]}]},{\"@type\":\"BreadcrumbList\",\"@id\":\"https:\/\/www.azur-compta.com\/index.php\/career\/#breadcrumb\",\"itemListElement\":[{\"@type\":\"ListItem\",\"position\":1,\"name\":\"Accueil\",\"item\":\"https:\/\/www.azur-compta.com\/\"},{\"@type\":\"ListItem\",\"position\":2,\"name\":\"Recrutement\"}]},{\"@type\":\"WebSite\",\"@id\":\"https:\/\/www.azur-compta.com\/#website\",\"url\":\"https:\/\/www.azur-compta.com\/\",\"name\":\"Azur Compta\",\"description\":\"Cabinet d&#039;Expertise Comptable\",\"publisher\":{\"@id\":\"https:\/\/www.azur-compta.com\/#organization\"},\"potentialAction\":[{\"@type\":\"SearchAction\",\"target\":{\"@type\":\"EntryPoint\",\"urlTemplate\":\"https:\/\/www.azur-compta.com\/?s={search_term_string}\"},\"query-input\":{\"@type\":\"PropertyValueSpecification\",\"valueRequired\":true,\"valueName\":\"search_term_string\"}}],\"inLanguage\":\"fr-FR\"},{\"@type\":\"Organization\",\"@id\":\"https:\/\/www.azur-compta.com\/#organization\",\"name\":\"AZUR COMPTA\",\"url\":\"https:\/\/www.azur-compta.com\/\",\"logo\":{\"@type\":\"ImageObject\",\"inLanguage\":\"fr-FR\",\"@id\":\"https:\/\/www.azur-compta.com\/#\/schema\/logo\/image\/\",\"url\":\"https:\/\/www.azur-compta.com\/wp-content\/uploads\/2019\/07\/AzurCompa_logo_C-B-e1581853186251.jpg\",\"contentUrl\":\"https:\/\/www.azur-compta.com\/wp-content\/uploads\/2019\/07\/AzurCompa_logo_C-B-e1581853186251.jpg\",\"width\":320,\"height\":160,\"caption\":\"AZUR COMPTA\"},\"image\":{\"@id\":\"https:\/\/www.azur-compta.com\/#\/schema\/logo\/image\/\"}}]}<\/script>\n<!-- \/ Yoast SEO plugin. -->","yoast_head_json":{"title":"Recrutement - Azur Compta","robots":{"index":"index","follow":"follow","max-snippet":"max-snippet:-1","max-image-preview":"max-image-preview:large","max-video-preview":"max-video-preview:-1"},"canonical":"https:\/\/www.azur-compta.com\/index.php\/career\/","og_locale":"fr_FR","og_type":"article","og_title":"Recrutement - Azur Compta","og_description":"[vc_row css_animation=\u00a0\u00bbnone\u00a0\u00bb css=\u00a0\u00bb.vc_custom_1511352317763{margin-top: 0px !important;margin-bottom: 0px !important;padding-top: 75px !important;padding-bottom: 75px !important;}\u00a0\u00bb][vc_column css_animation=\u00a0\u00bbnone\u00a0\u00bb width=\u00a0\u00bb3\/4&Prime;][vc_custom_heading text=\u00a0\u00bbNous recrutons !\u00a0\u00bb font_container=\u00a0\u00bbtag:h2|font_size:32px|text_align:left|line_height:45px\u00a0\u00bb use_theme_fonts=\u00a0\u00bbyes\u00a0\u00bb css_animation=\u00a0\u00bbnone\u00a0\u00bb css=\u00a0\u00bb.vc_custom_1563231252935{margin-top: 0px !important;margin-bottom: 0px !important;}\u00a0\u00bb][vc_column_text css_animation=\u00a0\u00bbnone\u00a0\u00bb css=\u00a0\u00bb.vc_custom_1563231358883{margin-top: 20px !important;margin-bottom: 36px !important;padding-top: 0px !important;padding-bottom: 0px !important;}\u00a0\u00bb] Si vous \u00eates int\u00e9ress\u00e9s par un poste \u00e0 pourvoir ci-dessous, n&rsquo;h\u00e9sitez pas \u00e0 nous envoyer votre CV \u00e0 contact@azur-compta.com. [\/vc_column_text][\/vc_column][vc_column css_animation=\u00a0\u00bbnone\u00a0\u00bb [&hellip;]","og_url":"https:\/\/www.azur-compta.com\/index.php\/career\/","og_site_name":"Azur Compta","article_modified_time":"2019-07-26T09:24:09+00:00","twitter_card":"summary_large_image","twitter_misc":{"Dur\u00e9e de lecture estim\u00e9e":"4 minutes"},"schema":{"@context":"https:\/\/schema.org","@graph":[{"@type":"WebPage","@id":"https:\/\/www.azur-compta.com\/index.php\/career\/","url":"https:\/\/www.azur-compta.com\/index.php\/career\/","name":"Recrutement - Azur Compta","isPartOf":{"@id":"https:\/\/www.azur-compta.com\/#website"},"datePublished":"2017-11-23T05:44:52+00:00","dateModified":"2019-07-26T09:24:09+00:00","breadcrumb":{"@id":"https:\/\/www.azur-compta.com\/index.php\/career\/#breadcrumb"},"inLanguage":"fr-FR","potentialAction":[{"@type":"ReadAction","target":["https:\/\/www.azur-compta.com\/index.php\/career\/"]}]},{"@type":"BreadcrumbList","@id":"https:\/\/www.azur-compta.com\/index.php\/career\/#breadcrumb","itemListElement":[{"@type":"ListItem","position":1,"name":"Accueil","item":"https:\/\/www.azur-compta.com\/"},{"@type":"ListItem","position":2,"name":"Recrutement"}]},{"@type":"WebSite","@id":"https:\/\/www.azur-compta.com\/#website","url":"https:\/\/www.azur-compta.com\/","name":"Azur Compta","description":"Cabinet d&#039;Expertise Comptable","publisher":{"@id":"https:\/\/www.azur-compta.com\/#organization"},"potentialAction":[{"@type":"SearchAction","target":{"@type":"EntryPoint","urlTemplate":"https:\/\/www.azur-compta.com\/?s={search_term_string}"},"query-input":{"@type":"PropertyValueSpecification","valueRequired":true,"valueName":"search_term_string"}}],"inLanguage":"fr-FR"},{"@type":"Organization","@id":"https:\/\/www.azur-compta.com\/#organization","name":"AZUR COMPTA","url":"https:\/\/www.azur-compta.com\/","logo":{"@type":"ImageObject","inLanguage":"fr-FR","@id":"https:\/\/www.azur-compta.com\/#\/schema\/logo\/image\/","url":"https:\/\/www.azur-compta.com\/wp-content\/uploads\/2019\/07\/AzurCompa_logo_C-B-e1581853186251.jpg","contentUrl":"https:\/\/www.azur-compta.com\/wp-content\/uploads\/2019\/07\/AzurCompa_logo_C-B-e1581853186251.jpg","width":320,"height":160,"caption":"AZUR COMPTA"},"image":{"@id":"https:\/\/www.azur-compta.com\/#\/schema\/logo\/image\/"}}]}},"_links":{"self":[{"href":"https:\/\/www.azur-compta.com\/index.php\/wp-json\/wp\/v2\/pages\/1577"}],"collection":[{"href":"https:\/\/www.azur-compta.com\/index.php\/wp-json\/wp\/v2\/pages"}],"about":[{"href":"https:\/\/www.azur-compta.com\/index.php\/wp-json\/wp\/v2\/types\/page"}],"author":[{"embeddable":true,"href":"https:\/\/www.azur-compta.com\/index.php\/wp-json\/wp\/v2\/users\/1"}],"replies":[{"embeddable":true,"href":"https:\/\/www.azur-compta.com\/index.php\/wp-json\/wp\/v2\/comments?post=1577"}],"version-history":[{"count":18,"href":"https:\/\/www.azur-compta.com\/index.php\/wp-json\/wp\/v2\/pages\/1577\/revisions"}],"predecessor-version":[{"id":8615,"href":"https:\/\/www.azur-compta.com\/index.php\/wp-json\/wp\/v2\/pages\/1577\/revisions\/8615"}],"wp:attachment":[{"href":"https:\/\/www.azur-compta.com\/index.php\/wp-json\/wp\/v2\/media?parent=1577"}],"curies":[{"name":"wp","href":"https:\/\/api.w.org\/{rel}","templated":true}]}}