{"id":1522,"date":"2017-11-22T11:36:08","date_gmt":"2017-11-22T10:36:08","guid":{"rendered":"https:\/\/www.azur-compta.com\/?page_id=1522"},"modified":"2019-11-05T22:49:55","modified_gmt":"2019-11-05T21:49:55","slug":"fiscal","status":"publish","type":"page","link":"https:\/\/www.azur-compta.com\/index.php\/fiscal\/","title":{"rendered":"Fiscal"},"content":{"rendered":"<p>[vc_row][vc_column css=\u00a0\u00bb.vc_custom_1571569686517{margin-top: 15px !important;}\u00a0\u00bb][vc_custom_heading text=\u00a0\u00bbFISCAL\u00a0\u00bb font_container=\u00a0\u00bbtag:h2|font_size:30px|text_align:left|color:%23001a57|line_height:40px\u00a0\u00bb use_theme_fonts=\u00a0\u00bbyes\u00a0\u00bb css_animation=\u00a0\u00bbnone\u00a0\u00bb css=\u00a0\u00bb.vc_custom_1572990446068{margin-top: 20px !important;margin-bottom: 15px !important;}\u00a0\u00bb][vc_column_text css_animation=\u00a0\u00bbnone\u00a0\u00bb css=\u00a0\u00bb.vc_custom_1572989958506{margin-top: 15px !important;margin-bottom: 40px !important;padding-top: 0px !important;padding-bottom: 0px !important;}\u00a0\u00bb]Nous pouvons assurer la r\u00e9alisation de l&rsquo;int\u00e9gralit\u00e9 de vos d\u00e9clarations fiscales ( TVA, imp\u00f4ts sur les soci\u00e9t\u00e9s&#8230;).<\/p>\n<p>&nbsp;<\/p>\n<p>De plus au niveau de votre fiscalit\u00e9, nous assurons l&rsquo;optimisation de la fiscalit\u00e9 de nos clients dans le respect des lois et de la r\u00e9glementation en vigueur. Dans cet optique, nous proposons une approche personnalis\u00e9 en analysant la situation de chaque client.<\/p>\n<p>Nous effectuons pour nos clients les services compl\u00e9mentaires suivant :[\/vc_column_text]\r<!-- list -->\r<div class=\"rt-list rt1c333033-bbb3-10 element-four    vc_custom_1572990139631\" id=\"list page\"><p><\/p>\n<ul>\n<li>D\u00e9claration d&rsquo;imp\u00f4t sur les revenus \u00e0 destination des particuliers,<\/li>\n<li>Assistance lors d&rsquo;un contr\u00f4le fiscal,<\/li>\n<li>Montages et conseils divers&#8230;<\/li>\n<\/ul>\n<p><\/p><\/div>\r<!-- list -->\r[vc_empty_space][\/vc_column][\/vc_row][vc_row][vc_column][vc_btn title=\u00a0\u00bbCONTACTEZ-NOUS\u00a0\u00bb style=\u00a0\u00bbcustom\u00a0\u00bb custom_background=\u00a0\u00bb#f94848&Prime; custom_text=\u00a0\u00bb#ffffff\u00a0\u00bb shape=\u00a0\u00bbround\u00a0\u00bb size=\u00a0\u00bblg\u00a0\u00bb align=\u00a0\u00bbcenter\u00a0\u00bb link=\u00a0\u00bburl:https%3A%2F%2Fwww.azur-compta.com%2Findex.php%2Fcontactez-nous%2F|title:Contactez-nous||\u00a0\u00bb css=\u00a0\u00bb.vc_custom_1572987672989{margin-right: px !important;margin-left: px !important;border-top-width: 50px !important;border-bottom-width: 50px !important;padding-right: 50px !important;padding-left: 50px !important;}\u00a0\u00bb][\/vc_column][\/vc_row]<\/p>\n","protected":false},"excerpt":{"rendered":"<p>[vc_row][vc_column css=\u00a0\u00bb.vc_custom_1571569686517{margin-top: 15px !important;}\u00a0\u00bb][vc_custom_heading text=\u00a0\u00bbFISCAL\u00a0\u00bb font_container=\u00a0\u00bbtag:h2|font_size:30px|text_align:left|color:%23001a57|line_height:40px\u00a0\u00bb use_theme_fonts=\u00a0\u00bbyes\u00a0\u00bb css_animation=\u00a0\u00bbnone\u00a0\u00bb css=\u00a0\u00bb.vc_custom_1572990446068{margin-top: 20px !important;margin-bottom: 15px !important;}\u00a0\u00bb][vc_column_text css_animation=\u00a0\u00bbnone\u00a0\u00bb css=\u00a0\u00bb.vc_custom_1572989958506{margin-top: 15px !important;margin-bottom: 40px !important;padding-top: 0px !important;padding-bottom: 0px !important;}\u00a0\u00bb]Nous pouvons assurer la r\u00e9alisation de l&rsquo;int\u00e9gralit\u00e9 de vos d\u00e9clarations fiscales ( TVA, imp\u00f4ts sur les soci\u00e9t\u00e9s&#8230;). &nbsp; De plus au niveau de votre fiscalit\u00e9, nous assurons l&rsquo;optimisation de la fiscalit\u00e9 de nos [&hellip;]<\/p>\n","protected":false},"author":1,"featured_media":0,"parent":0,"menu_order":0,"comment_status":"closed","ping_status":"closed","template":"","meta":{"_monsterinsights_skip_tracking":false,"_monsterinsights_sitenote_active":false,"_monsterinsights_sitenote_note":"","_monsterinsights_sitenote_category":0,"footnotes":""},"yoast_head":"<!-- This site is optimized with the Yoast SEO plugin v24.5 - https:\/\/yoast.com\/wordpress\/plugins\/seo\/ -->\n<title>Fiscal - Azur Compta<\/title>\n<meta name=\"robots\" content=\"index, follow, max-snippet:-1, max-image-preview:large, max-video-preview:-1\" \/>\n<link rel=\"canonical\" href=\"https:\/\/www.azur-compta.com\/index.php\/fiscal\/\" \/>\n<meta property=\"og:locale\" content=\"fr_FR\" \/>\n<meta property=\"og:type\" content=\"article\" \/>\n<meta property=\"og:title\" content=\"Fiscal - Azur Compta\" \/>\n<meta property=\"og:description\" content=\"[vc_row][vc_column css=\u00a0\u00bb.vc_custom_1571569686517{margin-top: 15px !important;}\u00a0\u00bb][vc_custom_heading text=\u00a0\u00bbFISCAL\u00a0\u00bb font_container=\u00a0\u00bbtag:h2|font_size:30px|text_align:left|color:%23001a57|line_height:40px\u00a0\u00bb use_theme_fonts=\u00a0\u00bbyes\u00a0\u00bb css_animation=\u00a0\u00bbnone\u00a0\u00bb css=\u00a0\u00bb.vc_custom_1572990446068{margin-top: 20px !important;margin-bottom: 15px !important;}\u00a0\u00bb][vc_column_text css_animation=\u00a0\u00bbnone\u00a0\u00bb css=\u00a0\u00bb.vc_custom_1572989958506{margin-top: 15px !important;margin-bottom: 40px !important;padding-top: 0px !important;padding-bottom: 0px !important;}\u00a0\u00bb]Nous pouvons assurer la r\u00e9alisation de l&rsquo;int\u00e9gralit\u00e9 de vos d\u00e9clarations fiscales ( TVA, imp\u00f4ts sur les soci\u00e9t\u00e9s&#8230;). &nbsp; De plus au niveau de votre fiscalit\u00e9, nous assurons l&rsquo;optimisation de la fiscalit\u00e9 de nos [&hellip;]\" \/>\n<meta property=\"og:url\" content=\"https:\/\/www.azur-compta.com\/index.php\/fiscal\/\" \/>\n<meta property=\"og:site_name\" content=\"Azur Compta\" \/>\n<meta property=\"article:modified_time\" content=\"2019-11-05T21:49:55+00:00\" \/>\n<meta name=\"twitter:card\" content=\"summary_large_image\" \/>\n<meta name=\"twitter:label1\" content=\"Dur\u00e9e de lecture estim\u00e9e\" \/>\n\t<meta name=\"twitter:data1\" content=\"1 minute\" \/>\n<script type=\"application\/ld+json\" class=\"yoast-schema-graph\">{\"@context\":\"https:\/\/schema.org\",\"@graph\":[{\"@type\":\"WebPage\",\"@id\":\"https:\/\/www.azur-compta.com\/index.php\/fiscal\/\",\"url\":\"https:\/\/www.azur-compta.com\/index.php\/fiscal\/\",\"name\":\"Fiscal - Azur Compta\",\"isPartOf\":{\"@id\":\"https:\/\/www.azur-compta.com\/#website\"},\"datePublished\":\"2017-11-22T10:36:08+00:00\",\"dateModified\":\"2019-11-05T21:49:55+00:00\",\"breadcrumb\":{\"@id\":\"https:\/\/www.azur-compta.com\/index.php\/fiscal\/#breadcrumb\"},\"inLanguage\":\"fr-FR\",\"potentialAction\":[{\"@type\":\"ReadAction\",\"target\":[\"https:\/\/www.azur-compta.com\/index.php\/fiscal\/\"]}]},{\"@type\":\"BreadcrumbList\",\"@id\":\"https:\/\/www.azur-compta.com\/index.php\/fiscal\/#breadcrumb\",\"itemListElement\":[{\"@type\":\"ListItem\",\"position\":1,\"name\":\"Accueil\",\"item\":\"https:\/\/www.azur-compta.com\/\"},{\"@type\":\"ListItem\",\"position\":2,\"name\":\"Fiscal\"}]},{\"@type\":\"WebSite\",\"@id\":\"https:\/\/www.azur-compta.com\/#website\",\"url\":\"https:\/\/www.azur-compta.com\/\",\"name\":\"Azur Compta\",\"description\":\"Cabinet d&#039;Expertise Comptable\",\"publisher\":{\"@id\":\"https:\/\/www.azur-compta.com\/#organization\"},\"potentialAction\":[{\"@type\":\"SearchAction\",\"target\":{\"@type\":\"EntryPoint\",\"urlTemplate\":\"https:\/\/www.azur-compta.com\/?s={search_term_string}\"},\"query-input\":{\"@type\":\"PropertyValueSpecification\",\"valueRequired\":true,\"valueName\":\"search_term_string\"}}],\"inLanguage\":\"fr-FR\"},{\"@type\":\"Organization\",\"@id\":\"https:\/\/www.azur-compta.com\/#organization\",\"name\":\"AZUR COMPTA\",\"url\":\"https:\/\/www.azur-compta.com\/\",\"logo\":{\"@type\":\"ImageObject\",\"inLanguage\":\"fr-FR\",\"@id\":\"https:\/\/www.azur-compta.com\/#\/schema\/logo\/image\/\",\"url\":\"https:\/\/www.azur-compta.com\/wp-content\/uploads\/2019\/07\/AzurCompa_logo_C-B-e1581853186251.jpg\",\"contentUrl\":\"https:\/\/www.azur-compta.com\/wp-content\/uploads\/2019\/07\/AzurCompa_logo_C-B-e1581853186251.jpg\",\"width\":320,\"height\":160,\"caption\":\"AZUR COMPTA\"},\"image\":{\"@id\":\"https:\/\/www.azur-compta.com\/#\/schema\/logo\/image\/\"}}]}<\/script>\n<!-- \/ Yoast SEO plugin. -->","yoast_head_json":{"title":"Fiscal - Azur Compta","robots":{"index":"index","follow":"follow","max-snippet":"max-snippet:-1","max-image-preview":"max-image-preview:large","max-video-preview":"max-video-preview:-1"},"canonical":"https:\/\/www.azur-compta.com\/index.php\/fiscal\/","og_locale":"fr_FR","og_type":"article","og_title":"Fiscal - Azur Compta","og_description":"[vc_row][vc_column css=\u00a0\u00bb.vc_custom_1571569686517{margin-top: 15px !important;}\u00a0\u00bb][vc_custom_heading text=\u00a0\u00bbFISCAL\u00a0\u00bb font_container=\u00a0\u00bbtag:h2|font_size:30px|text_align:left|color:%23001a57|line_height:40px\u00a0\u00bb use_theme_fonts=\u00a0\u00bbyes\u00a0\u00bb css_animation=\u00a0\u00bbnone\u00a0\u00bb css=\u00a0\u00bb.vc_custom_1572990446068{margin-top: 20px !important;margin-bottom: 15px !important;}\u00a0\u00bb][vc_column_text css_animation=\u00a0\u00bbnone\u00a0\u00bb css=\u00a0\u00bb.vc_custom_1572989958506{margin-top: 15px !important;margin-bottom: 40px !important;padding-top: 0px !important;padding-bottom: 0px !important;}\u00a0\u00bb]Nous pouvons assurer la r\u00e9alisation de l&rsquo;int\u00e9gralit\u00e9 de vos d\u00e9clarations fiscales ( TVA, imp\u00f4ts sur les soci\u00e9t\u00e9s&#8230;). &nbsp; De plus au niveau de votre fiscalit\u00e9, nous assurons l&rsquo;optimisation de la fiscalit\u00e9 de nos [&hellip;]","og_url":"https:\/\/www.azur-compta.com\/index.php\/fiscal\/","og_site_name":"Azur Compta","article_modified_time":"2019-11-05T21:49:55+00:00","twitter_card":"summary_large_image","twitter_misc":{"Dur\u00e9e de lecture estim\u00e9e":"1 minute"},"schema":{"@context":"https:\/\/schema.org","@graph":[{"@type":"WebPage","@id":"https:\/\/www.azur-compta.com\/index.php\/fiscal\/","url":"https:\/\/www.azur-compta.com\/index.php\/fiscal\/","name":"Fiscal - Azur Compta","isPartOf":{"@id":"https:\/\/www.azur-compta.com\/#website"},"datePublished":"2017-11-22T10:36:08+00:00","dateModified":"2019-11-05T21:49:55+00:00","breadcrumb":{"@id":"https:\/\/www.azur-compta.com\/index.php\/fiscal\/#breadcrumb"},"inLanguage":"fr-FR","potentialAction":[{"@type":"ReadAction","target":["https:\/\/www.azur-compta.com\/index.php\/fiscal\/"]}]},{"@type":"BreadcrumbList","@id":"https:\/\/www.azur-compta.com\/index.php\/fiscal\/#breadcrumb","itemListElement":[{"@type":"ListItem","position":1,"name":"Accueil","item":"https:\/\/www.azur-compta.com\/"},{"@type":"ListItem","position":2,"name":"Fiscal"}]},{"@type":"WebSite","@id":"https:\/\/www.azur-compta.com\/#website","url":"https:\/\/www.azur-compta.com\/","name":"Azur Compta","description":"Cabinet d&#039;Expertise Comptable","publisher":{"@id":"https:\/\/www.azur-compta.com\/#organization"},"potentialAction":[{"@type":"SearchAction","target":{"@type":"EntryPoint","urlTemplate":"https:\/\/www.azur-compta.com\/?s={search_term_string}"},"query-input":{"@type":"PropertyValueSpecification","valueRequired":true,"valueName":"search_term_string"}}],"inLanguage":"fr-FR"},{"@type":"Organization","@id":"https:\/\/www.azur-compta.com\/#organization","name":"AZUR COMPTA","url":"https:\/\/www.azur-compta.com\/","logo":{"@type":"ImageObject","inLanguage":"fr-FR","@id":"https:\/\/www.azur-compta.com\/#\/schema\/logo\/image\/","url":"https:\/\/www.azur-compta.com\/wp-content\/uploads\/2019\/07\/AzurCompa_logo_C-B-e1581853186251.jpg","contentUrl":"https:\/\/www.azur-compta.com\/wp-content\/uploads\/2019\/07\/AzurCompa_logo_C-B-e1581853186251.jpg","width":320,"height":160,"caption":"AZUR COMPTA"},"image":{"@id":"https:\/\/www.azur-compta.com\/#\/schema\/logo\/image\/"}}]}},"_links":{"self":[{"href":"https:\/\/www.azur-compta.com\/index.php\/wp-json\/wp\/v2\/pages\/1522"}],"collection":[{"href":"https:\/\/www.azur-compta.com\/index.php\/wp-json\/wp\/v2\/pages"}],"about":[{"href":"https:\/\/www.azur-compta.com\/index.php\/wp-json\/wp\/v2\/types\/page"}],"author":[{"embeddable":true,"href":"https:\/\/www.azur-compta.com\/index.php\/wp-json\/wp\/v2\/users\/1"}],"replies":[{"embeddable":true,"href":"https:\/\/www.azur-compta.com\/index.php\/wp-json\/wp\/v2\/comments?post=1522"}],"version-history":[{"count":18,"href":"https:\/\/www.azur-compta.com\/index.php\/wp-json\/wp\/v2\/pages\/1522\/revisions"}],"predecessor-version":[{"id":8871,"href":"https:\/\/www.azur-compta.com\/index.php\/wp-json\/wp\/v2\/pages\/1522\/revisions\/8871"}],"wp:attachment":[{"href":"https:\/\/www.azur-compta.com\/index.php\/wp-json\/wp\/v2\/media?parent=1522"}],"curies":[{"name":"wp","href":"https:\/\/api.w.org\/{rel}","templated":true}]}}